{"id":88,"date":"2026-01-04T20:23:47","date_gmt":"2026-01-04T20:23:47","guid":{"rendered":"https:\/\/s-i-t-com.de\/?page_id=88"},"modified":"2026-03-27T16:28:13","modified_gmt":"2026-03-27T16:28:13","slug":"kontakt","status":"publish","type":"page","link":"https:\/\/s-i-t-com.de\/en\/kontakt\/","title":{"rendered":"Contact"},"content":{"rendered":"\n<p><strong>Stay-In-Touch versteht sich als offenes Gespr\u00e4chsformat, das von Menschen und Gruppen selbst getragen wird.<\/strong><\/p>\n\n\n\n<p><strong>Stay-In-Touch-Runden k\u00f6nnen online oder vor Ort stattfinden.<br>Lokale Gespr\u00e4chsgruppen entstehen eigenst\u00e4ndig und orientieren sich am gemeinsamen Rahmen des Gespr\u00e4chsformats.<\/strong><\/p>\n\n\n\n<p><strong>Wenn du Interesse an dem Format hast, Fragen zur Anwendung bestehen oder du Stay-In-Touch in einem eigenen Kontext nutzen m\u00f6chtest, kannst du hier Kontakt aufnehmen.<\/strong><\/p>\n\n\n\n<h2 class=\"wp-block-heading\">Wann eine Kontaktaufnahme sinnvoll ist<\/h2>\n\n\n\n<p>Eine Kontaktaufnahme kann sinnvoll sein, wenn Du:<\/p>\n\n\n\n<ul class=\"wp-block-list\">\n<li>das Starterkit (Kurzbeschreibung, SIT-Commitment und SIT-Note) w\u00fcnscht<\/li>\n\n\n\n<li>Fragen zum Gespr\u00e4chsformat oder zum Ablauf einer SIT-Runde hast<\/li>\n\n\n\n<li>Stay-In-Touch in einer bestehenden Gruppe einsetzen m\u00f6chtest<\/li>\n\n\n\n<li>eine neue SIT-Gruppe gr\u00fcnden oder daf\u00fcr werben willst (z.B. Testabend) <\/li>\n\n\n\n<li>R\u00fcckmeldungen oder Erfahrungen teilen m\u00f6chtest<\/li>\n\n\n\n<li>allgemeine Anregungen oder Hinweise hast<\/li>\n<\/ul>\n\n\n\n<h2 class=\"wp-block-heading\">Art der Kontaktaufnahme<\/h2>\n\n\n\n<p>Stay-In-Touch ist kein kommerzielles Angebot und keine zentrale Organisation mit festen Strukturen.<\/p>\n\n\n\n<p>Entsprechend erfolgt die Kontaktaufnahme bewusst niedrigschwellig und ohne Erwartung an schnelle oder verbindliche R\u00fcckmeldungen.<\/p>\n\n\n\n<p><br>Bitte nutze das folgende Formular f\u00fcr deine Nachricht. Gib gern an, in welchem Zusammenhang dein Interesse an Stay-In-Touch steht:<\/p>\n\n\n\n\t\t<div class=\"coblocks-form\" id=\"6a7741a33e6efb3854e244e47ee19a2ea98d81bc\">\n\n\t\t\t\n\t\t\t<form action=\"https:\/\/s-i-t-com.de\/en\/kontakt\/#6a7741a33e6efb3854e244e47ee19a2ea98d81bc\" method=\"post\">\n\t\t\t\t\n<div class=\"wp-block-coblocks-form\"><label class=\"coblocks-label\">Email <span class=\"required\">&#042;<\/span><\/label>\n\t\t<input type=\"hidden\" name=\"field-email[label]\" value=\"Email\">\n\n\t\t\n\t\t<input type=\"hidden\" id=\"email-field-id\" name=\"email-field-id\" class=\"coblocks-email-field-id\" value=\"field-email\" \/>\n\t\t<input type=\"email\" id=\"email\" aria-label=\"Email\" name=\"field-email[value]\" class=\"coblocks-field coblocks-field--email\" required \/>\n\n\t\t\n\n<label class=\"coblocks-label\">Name und Betreff <span class=\"required\">&#042;<\/span><\/label>\n\t\t<input type=\"hidden\" name=\"field-name-und-betreff[label]\" value=\"Name und Betreff\">\n\n\t\t\t\t<input type=\"hidden\" id=\"name-field-id\" name=\"name-field-id\" class=\"coblocks-name-field-id\" value=\"field-name-und-betreff\" \/>\n\t\t\n\t\t<input type=\"text\" id=\"name-und-betreff\" name=\"field-name-und-betreff[value]\" class=\"coblocks-field coblocks-field--name\" required \/>\n\n\t\t\n\n<label class=\"coblocks-label\">Nachricht <span class=\"required\">&#042;<\/span><\/label>\n\t\t<input type=\"hidden\" name=\"field-nachricht[label]\" value=\"Nachricht\">\n\n\t\t\n\t\t<textarea name=\"field-nachricht[value]\" aria-label=\"Nachricht\" id=\"nachricht\" class=\"coblocks-field coblocks-textarea\" rows=\"20\" required><\/textarea>\n\n\t\t\n\n\n\t\t<div class=\"coblocks-form__submit wp-block-button\">\n\t\t\t<button type=\"submit\" class=\"wp-block-button__link is-style-fill\" style=\"\">Nachricht absenden<\/button>\n\t\t\t<input type=\"hidden\" id=\"form-submit\" name=\"form-submit\" value=\"9aa1450756\" \/><input type=\"hidden\" name=\"_wp_http_referer\" value=\"\/en\/wp-json\/wp\/v2\/pages\/88\" \/>\t\t\t<input type=\"hidden\" name=\"action\" value=\"coblocks-form-submit\">\n\n\t\t\t\t\t<\/div>\n\n\t\t<\/div>\n\t\t\t\t<input class=\"coblocks-field verify\" aria-label=\"Enter your email address to verify\" type=\"email\" name=\"coblocks-verify-email\" autocomplete=\"off\" placeholder=\"Email\" tabindex=\"-1\">\n\t\t\t\t<input type=\"hidden\" name=\"form-hash\" value=\"6a7741a33e6efb3854e244e47ee19a2ea98d81bc\">\n\n\t\t\t\t\t\t\t<\/form>\n\n\t\t<\/div>\n\n\t\t\n\n\n<p><strong>Hinweis:<\/strong> Stay-In-Touch wird nicht kommerziell betrieben. Nachrichten werden pers\u00f6nlich gelesen und nach M\u00f6glichkeit beantwortet.<\/p>\n\n\n\n<p>Die im Formular eingegebenen Daten werden ausschlie\u00dflich zur Bearbeitung deiner Anfrage verwendet. Weitere Informationen findest du in der Datenschutzerkl\u00e4rung.<br><\/p>\n\n\n\n<h2 class=\"wp-block-heading\">Im Gespr\u00e4ch bleiben<\/h2>\n\n\n\n<p>Stay-In-Touch lebt vom verantwortungsvollen Umgang miteinander und vom gemeinsamen Interesse am Dialog.<\/p>\n\n\n\n<p>Die Kontaktaufnahme ist Teil dieser Haltung \u2013 offen, respektvoll und ohne Verpflichtung.<\/p>\n\n\n\n<p><\/p>\n","protected":false},"excerpt":{"rendered":"<p>Stay-In-Touch versteht sich als offenes Gespr\u00e4chsformat, das von Menschen und Gruppen selbst getragen wird. Stay-In-Touch-Runden k\u00f6nnen online oder vor Ort stattfinden.Lokale Gespr\u00e4chsgruppen entstehen eigenst\u00e4ndig und orientieren sich am gemeinsamen Rahmen des Gespr\u00e4chsformats. Wenn du Interesse an dem Format hast, Fragen zur Anwendung bestehen oder du Stay-In-Touch in einem eigenen Kontext nutzen m\u00f6chtest, kannst du hier [&hellip;]<\/p>\n","protected":false},"author":1,"featured_media":0,"parent":0,"menu_order":0,"comment_status":"closed","ping_status":"closed","template":"","meta":{"_coblocks_attr":"","_coblocks_dimensions":"","_coblocks_responsive_height":"","_coblocks_accordion_ie_support":"","footnotes":""},"class_list":["post-88","page","type-page","status-publish","hentry"],"yoast_head":"<!-- This site is optimized with the Yoast SEO plugin v27.4 - https:\/\/yoast.com\/product\/yoast-seo-wordpress\/ -->\n<title>Kontakt - Stay-In-Touch<\/title>\n<meta name=\"robots\" content=\"index, follow, max-snippet:-1, max-image-preview:large, max-video-preview:-1\" \/>\n<link rel=\"canonical\" href=\"https:\/\/s-i-t-com.de\/en\/kontakt\/\" \/>\n<meta property=\"og:locale\" content=\"en_GB\" \/>\n<meta property=\"og:type\" content=\"article\" \/>\n<meta property=\"og:title\" content=\"Kontakt - Stay-In-Touch\" \/>\n<meta property=\"og:description\" content=\"Stay-In-Touch versteht sich als offenes Gespr\u00e4chsformat, das von Menschen und Gruppen selbst getragen wird. Stay-In-Touch-Runden k\u00f6nnen online oder vor Ort stattfinden.Lokale Gespr\u00e4chsgruppen entstehen eigenst\u00e4ndig und orientieren sich am gemeinsamen Rahmen des Gespr\u00e4chsformats. Wenn du Interesse an dem Format hast, Fragen zur Anwendung bestehen oder du Stay-In-Touch in einem eigenen Kontext nutzen m\u00f6chtest, kannst du hier [&hellip;]\" \/>\n<meta property=\"og:url\" content=\"https:\/\/s-i-t-com.de\/en\/kontakt\/\" \/>\n<meta property=\"og:site_name\" content=\"Stay-In-Touch\" \/>\n<meta property=\"article:modified_time\" content=\"2026-03-27T16:28:13+00:00\" \/>\n<meta name=\"twitter:card\" content=\"summary_large_image\" \/>\n<meta name=\"twitter:label1\" content=\"Estimated reading time\" \/>\n\t<meta name=\"twitter:data1\" content=\"2 minutes\" \/>\n<script type=\"application\/ld+json\" class=\"yoast-schema-graph\">{\"@context\":\"https:\\\/\\\/schema.org\",\"@graph\":[{\"@type\":\"WebPage\",\"@id\":\"https:\\\/\\\/s-i-t-com.de\\\/kontakt\\\/\",\"url\":\"https:\\\/\\\/s-i-t-com.de\\\/kontakt\\\/\",\"name\":\"Kontakt - Stay-In-Touch\",\"isPartOf\":{\"@id\":\"https:\\\/\\\/s-i-t-com.de\\\/#website\"},\"datePublished\":\"2026-01-04T20:23:47+00:00\",\"dateModified\":\"2026-03-27T16:28:13+00:00\",\"breadcrumb\":{\"@id\":\"https:\\\/\\\/s-i-t-com.de\\\/kontakt\\\/#breadcrumb\"},\"inLanguage\":\"en-GB\",\"potentialAction\":[{\"@type\":\"ReadAction\",\"target\":[\"https:\\\/\\\/s-i-t-com.de\\\/kontakt\\\/\"]}]},{\"@type\":\"BreadcrumbList\",\"@id\":\"https:\\\/\\\/s-i-t-com.de\\\/kontakt\\\/#breadcrumb\",\"itemListElement\":[{\"@type\":\"ListItem\",\"position\":1,\"name\":\"Home\",\"item\":\"https:\\\/\\\/s-i-t-com.de\\\/\"},{\"@type\":\"ListItem\",\"position\":2,\"name\":\"Kontakt\"}]},{\"@type\":\"WebSite\",\"@id\":\"https:\\\/\\\/s-i-t-com.de\\\/#website\",\"url\":\"https:\\\/\\\/s-i-t-com.de\\\/\",\"name\":\"Stay-In-Touch\",\"description\":\"Austauschen. Pr\u00fcfen. Wachsen.\",\"potentialAction\":[{\"@type\":\"SearchAction\",\"target\":{\"@type\":\"EntryPoint\",\"urlTemplate\":\"https:\\\/\\\/s-i-t-com.de\\\/?s={search_term_string}\"},\"query-input\":{\"@type\":\"PropertyValueSpecification\",\"valueRequired\":true,\"valueName\":\"search_term_string\"}}],\"inLanguage\":\"en-GB\"}]}<\/script>\n<!-- \/ Yoast SEO plugin. -->","yoast_head_json":{"title":"Kontakt - Stay-In-Touch","robots":{"index":"index","follow":"follow","max-snippet":"max-snippet:-1","max-image-preview":"max-image-preview:large","max-video-preview":"max-video-preview:-1"},"canonical":"https:\/\/s-i-t-com.de\/en\/kontakt\/","og_locale":"en_GB","og_type":"article","og_title":"Kontakt - Stay-In-Touch","og_description":"Stay-In-Touch versteht sich als offenes Gespr\u00e4chsformat, das von Menschen und Gruppen selbst getragen wird. Stay-In-Touch-Runden k\u00f6nnen online oder vor Ort stattfinden.Lokale Gespr\u00e4chsgruppen entstehen eigenst\u00e4ndig und orientieren sich am gemeinsamen Rahmen des Gespr\u00e4chsformats. Wenn du Interesse an dem Format hast, Fragen zur Anwendung bestehen oder du Stay-In-Touch in einem eigenen Kontext nutzen m\u00f6chtest, kannst du hier [&hellip;]","og_url":"https:\/\/s-i-t-com.de\/en\/kontakt\/","og_site_name":"Stay-In-Touch","article_modified_time":"2026-03-27T16:28:13+00:00","twitter_card":"summary_large_image","twitter_misc":{"Estimated reading time":"2 minutes"},"schema":{"@context":"https:\/\/schema.org","@graph":[{"@type":"WebPage","@id":"https:\/\/s-i-t-com.de\/kontakt\/","url":"https:\/\/s-i-t-com.de\/kontakt\/","name":"Kontakt - Stay-In-Touch","isPartOf":{"@id":"https:\/\/s-i-t-com.de\/#website"},"datePublished":"2026-01-04T20:23:47+00:00","dateModified":"2026-03-27T16:28:13+00:00","breadcrumb":{"@id":"https:\/\/s-i-t-com.de\/kontakt\/#breadcrumb"},"inLanguage":"en-GB","potentialAction":[{"@type":"ReadAction","target":["https:\/\/s-i-t-com.de\/kontakt\/"]}]},{"@type":"BreadcrumbList","@id":"https:\/\/s-i-t-com.de\/kontakt\/#breadcrumb","itemListElement":[{"@type":"ListItem","position":1,"name":"Home","item":"https:\/\/s-i-t-com.de\/"},{"@type":"ListItem","position":2,"name":"Kontakt"}]},{"@type":"WebSite","@id":"https:\/\/s-i-t-com.de\/#website","url":"https:\/\/s-i-t-com.de\/","name":"Stay-In-Touch","description":"Exchange. Reflect. Grow.","potentialAction":[{"@type":"SearchAction","target":{"@type":"EntryPoint","urlTemplate":"https:\/\/s-i-t-com.de\/?s={search_term_string}"},"query-input":{"@type":"PropertyValueSpecification","valueRequired":true,"valueName":"search_term_string"}}],"inLanguage":"en-GB"}]}},"_links":{"self":[{"href":"https:\/\/s-i-t-com.de\/en\/wp-json\/wp\/v2\/pages\/88","targetHints":{"allow":["GET"]}}],"collection":[{"href":"https:\/\/s-i-t-com.de\/en\/wp-json\/wp\/v2\/pages"}],"about":[{"href":"https:\/\/s-i-t-com.de\/en\/wp-json\/wp\/v2\/types\/page"}],"author":[{"embeddable":true,"href":"https:\/\/s-i-t-com.de\/en\/wp-json\/wp\/v2\/users\/1"}],"replies":[{"embeddable":true,"href":"https:\/\/s-i-t-com.de\/en\/wp-json\/wp\/v2\/comments?post=88"}],"version-history":[{"count":9,"href":"https:\/\/s-i-t-com.de\/en\/wp-json\/wp\/v2\/pages\/88\/revisions"}],"predecessor-version":[{"id":296,"href":"https:\/\/s-i-t-com.de\/en\/wp-json\/wp\/v2\/pages\/88\/revisions\/296"}],"wp:attachment":[{"href":"https:\/\/s-i-t-com.de\/en\/wp-json\/wp\/v2\/media?parent=88"}],"curies":[{"name":"wp","href":"https:\/\/api.w.org\/{rel}","templated":true}]}}