{"id":169,"date":"2026-01-05T22:17:22","date_gmt":"2026-01-05T22:17:22","guid":{"rendered":"https:\/\/s-i-t-com.de\/?page_id=169"},"modified":"2026-02-24T16:43:44","modified_gmt":"2026-02-24T16:43:44","slug":"impressum","status":"publish","type":"page","link":"https:\/\/s-i-t-com.de\/en\/impressum\/","title":{"rendered":"Imprint"},"content":{"rendered":"<p>Information based on \u00a7 5 TMG<\/p>\n\n\n\n<p>Responsible for the content of this website:<\/p>\n\n\n\n<p>Stay-In-Touch<br>E-Mail: info@s-i-t-com.de<\/p>\n\n\n\n<p style=\"font-weight:normal\" class=\"has-custom-weight\">Notice:<br>This website serves to provide information about the conversation format \u201cStay-In-Touch\u201d and is operated on a non-commercial basis.<\/p>\n\n\n\n<p><\/p>","protected":false},"excerpt":{"rendered":"<p>Angaben angelehnt an \u00a7 5 TMG Verantwortlich f\u00fcr den Inhalt dieser Website: Stay-In-TouchE-Mail: info@s-i-t-com.de Hinweis:Diese Website dient der Information \u00fcber das Gespr\u00e4chsformat \u201eStay-In-Touch\u201c und wird nicht kommerziell betrieben.<\/p>","protected":false},"author":1,"featured_media":0,"parent":0,"menu_order":0,"comment_status":"closed","ping_status":"closed","template":"","meta":{"_coblocks_attr":"","_coblocks_dimensions":"","_coblocks_responsive_height":"","_coblocks_accordion_ie_support":"","footnotes":""},"class_list":["post-169","page","type-page","status-publish","hentry"],"yoast_head":"<!-- This site is optimized with the Yoast SEO plugin v27.4 - https:\/\/yoast.com\/product\/yoast-seo-wordpress\/ -->\n<title>Impressum - Stay-In-Touch<\/title>\n<meta name=\"robots\" content=\"index, follow, max-snippet:-1, max-image-preview:large, max-video-preview:-1\" \/>\n<link rel=\"canonical\" href=\"https:\/\/s-i-t-com.de\/en\/impressum\/\" \/>\n<meta property=\"og:locale\" content=\"en_GB\" \/>\n<meta property=\"og:type\" content=\"article\" \/>\n<meta property=\"og:title\" content=\"Impressum - Stay-In-Touch\" \/>\n<meta property=\"og:description\" content=\"Angaben angelehnt an \u00a7 5 TMG Verantwortlich f\u00fcr den Inhalt dieser Website: Stay-In-TouchE-Mail: info@s-i-t-com.de Hinweis:Diese Website dient der Information \u00fcber das Gespr\u00e4chsformat \u201eStay-In-Touch\u201c und wird nicht kommerziell betrieben.\" \/>\n<meta property=\"og:url\" content=\"https:\/\/s-i-t-com.de\/en\/impressum\/\" \/>\n<meta property=\"og:site_name\" content=\"Stay-In-Touch\" \/>\n<meta property=\"article:modified_time\" content=\"2026-02-24T16:43:44+00:00\" \/>\n<meta name=\"twitter:card\" content=\"summary_large_image\" \/>\n<meta name=\"twitter:label1\" content=\"Estimated reading time\" \/>\n\t<meta name=\"twitter:data1\" content=\"1 minute\" \/>\n<script type=\"application\/ld+json\" class=\"yoast-schema-graph\">{\"@context\":\"https:\\\/\\\/schema.org\",\"@graph\":[{\"@type\":\"WebPage\",\"@id\":\"https:\\\/\\\/s-i-t-com.de\\\/impressum\\\/\",\"url\":\"https:\\\/\\\/s-i-t-com.de\\\/impressum\\\/\",\"name\":\"Impressum - Stay-In-Touch\",\"isPartOf\":{\"@id\":\"https:\\\/\\\/s-i-t-com.de\\\/#website\"},\"datePublished\":\"2026-01-05T22:17:22+00:00\",\"dateModified\":\"2026-02-24T16:43:44+00:00\",\"breadcrumb\":{\"@id\":\"https:\\\/\\\/s-i-t-com.de\\\/impressum\\\/#breadcrumb\"},\"inLanguage\":\"en-GB\",\"potentialAction\":[{\"@type\":\"ReadAction\",\"target\":[\"https:\\\/\\\/s-i-t-com.de\\\/impressum\\\/\"]}]},{\"@type\":\"BreadcrumbList\",\"@id\":\"https:\\\/\\\/s-i-t-com.de\\\/impressum\\\/#breadcrumb\",\"itemListElement\":[{\"@type\":\"ListItem\",\"position\":1,\"name\":\"Home\",\"item\":\"https:\\\/\\\/s-i-t-com.de\\\/\"},{\"@type\":\"ListItem\",\"position\":2,\"name\":\"Impressum\"}]},{\"@type\":\"WebSite\",\"@id\":\"https:\\\/\\\/s-i-t-com.de\\\/#website\",\"url\":\"https:\\\/\\\/s-i-t-com.de\\\/\",\"name\":\"Stay-In-Touch\",\"description\":\"Austauschen. Pr\u00fcfen. Wachsen.\",\"potentialAction\":[{\"@type\":\"SearchAction\",\"target\":{\"@type\":\"EntryPoint\",\"urlTemplate\":\"https:\\\/\\\/s-i-t-com.de\\\/?s={search_term_string}\"},\"query-input\":{\"@type\":\"PropertyValueSpecification\",\"valueRequired\":true,\"valueName\":\"search_term_string\"}}],\"inLanguage\":\"en-GB\"}]}<\/script>\n<!-- \/ Yoast SEO plugin. -->","yoast_head_json":{"title":"Impressum - Stay-In-Touch","robots":{"index":"index","follow":"follow","max-snippet":"max-snippet:-1","max-image-preview":"max-image-preview:large","max-video-preview":"max-video-preview:-1"},"canonical":"https:\/\/s-i-t-com.de\/en\/impressum\/","og_locale":"en_GB","og_type":"article","og_title":"Impressum - Stay-In-Touch","og_description":"Angaben angelehnt an \u00a7 5 TMG Verantwortlich f\u00fcr den Inhalt dieser Website: Stay-In-TouchE-Mail: info@s-i-t-com.de Hinweis:Diese Website dient der Information \u00fcber das Gespr\u00e4chsformat \u201eStay-In-Touch\u201c und wird nicht kommerziell betrieben.","og_url":"https:\/\/s-i-t-com.de\/en\/impressum\/","og_site_name":"Stay-In-Touch","article_modified_time":"2026-02-24T16:43:44+00:00","twitter_card":"summary_large_image","twitter_misc":{"Estimated reading time":"1 minute"},"schema":{"@context":"https:\/\/schema.org","@graph":[{"@type":"WebPage","@id":"https:\/\/s-i-t-com.de\/impressum\/","url":"https:\/\/s-i-t-com.de\/impressum\/","name":"Impressum - Stay-In-Touch","isPartOf":{"@id":"https:\/\/s-i-t-com.de\/#website"},"datePublished":"2026-01-05T22:17:22+00:00","dateModified":"2026-02-24T16:43:44+00:00","breadcrumb":{"@id":"https:\/\/s-i-t-com.de\/impressum\/#breadcrumb"},"inLanguage":"en-GB","potentialAction":[{"@type":"ReadAction","target":["https:\/\/s-i-t-com.de\/impressum\/"]}]},{"@type":"BreadcrumbList","@id":"https:\/\/s-i-t-com.de\/impressum\/#breadcrumb","itemListElement":[{"@type":"ListItem","position":1,"name":"Home","item":"https:\/\/s-i-t-com.de\/"},{"@type":"ListItem","position":2,"name":"Impressum"}]},{"@type":"WebSite","@id":"https:\/\/s-i-t-com.de\/#website","url":"https:\/\/s-i-t-com.de\/","name":"Stay-In-Touch","description":"Exchange. Reflect. Grow.","potentialAction":[{"@type":"SearchAction","target":{"@type":"EntryPoint","urlTemplate":"https:\/\/s-i-t-com.de\/?s={search_term_string}"},"query-input":{"@type":"PropertyValueSpecification","valueRequired":true,"valueName":"search_term_string"}}],"inLanguage":"en-GB"}]}},"_links":{"self":[{"href":"https:\/\/s-i-t-com.de\/en\/wp-json\/wp\/v2\/pages\/169","targetHints":{"allow":["GET"]}}],"collection":[{"href":"https:\/\/s-i-t-com.de\/en\/wp-json\/wp\/v2\/pages"}],"about":[{"href":"https:\/\/s-i-t-com.de\/en\/wp-json\/wp\/v2\/types\/page"}],"author":[{"embeddable":true,"href":"https:\/\/s-i-t-com.de\/en\/wp-json\/wp\/v2\/users\/1"}],"replies":[{"embeddable":true,"href":"https:\/\/s-i-t-com.de\/en\/wp-json\/wp\/v2\/comments?post=169"}],"version-history":[{"count":2,"href":"https:\/\/s-i-t-com.de\/en\/wp-json\/wp\/v2\/pages\/169\/revisions"}],"predecessor-version":[{"id":293,"href":"https:\/\/s-i-t-com.de\/en\/wp-json\/wp\/v2\/pages\/169\/revisions\/293"}],"wp:attachment":[{"href":"https:\/\/s-i-t-com.de\/en\/wp-json\/wp\/v2\/media?parent=169"}],"curies":[{"name":"wp","href":"https:\/\/api.w.org\/{rel}","templated":true}]}}